{"id":1905,"date":"2016-02-17T10:11:13","date_gmt":"2016-02-17T10:11:13","guid":{"rendered":"http:\/\/www.lochner-stahlbaumontagen.de\/?page_id=1905"},"modified":"2019-05-06T16:33:37","modified_gmt":"2019-05-06T16:33:37","slug":"home-pl","status":"publish","type":"page","link":"https:\/\/www.lochner-stahlbaumontagen.de\/pl\/","title":{"rendered":"home-pl"},"content":{"rendered":"<p><div class=\"fusion-fullwidth fullwidth-box fusion-builder-row-1 nonhundred-percent-fullwidth non-hundred-percent-height-scrolling\" style=\"background-color: #ffffff;background-position: left top;background-repeat: no-repeat;padding-top:85px;padding-right:0px;padding-bottom:105px;padding-left:0px;margin-bottom: 0px;margin-top: 0px;border-width: 0px 0px 0px 0px;border-color:#eae9e9;border-style:solid;\" ><div class=\"fusion-builder-row fusion-row\"><div class=\"fusion-layout-column fusion_builder_column fusion-builder-column-0 fusion_builder_column_1_3 1_3 fusion-one-third fusion-column-first\" style=\"width:30.6666%; margin-right: 4%;margin-top:0px;margin-bottom:40px;\"><div class=\"fusion-column-wrapper fusion-flex-column-wrapper-legacy\" style=\"background-position:left top;background-repeat:no-repeat;-webkit-background-size:cover;-moz-background-size:cover;-o-background-size:cover;background-size:cover;padding: 0px 0px 0px 0px;\"><div class=\"fusion-text fusion-text-1\"><h2>Montujemy<br \/>\nstal.<\/h2>\n<\/div><div class=\"fusion-sep-clear\"><\/div><div class=\"fusion-separator fusion-clearfix\" style=\"float:left;margin-top:0px;margin-bottom:35px;width:100%;max-width:170px;\"><div class=\"fusion-separator-border sep-single sep-solid\" style=\"border-color:#e2e3e8;border-top-width:3px;\"><\/div><\/div><div class=\"fusion-sep-clear\"><\/div><div class=\"fusion-text fusion-text-2\"><h3><em>Firma posiada dwie siedziby:<\/em><br \/>\n<em>G\u0142\u00f3wna siedziba w ERBENDORF<\/em><br \/>\n<em>Filia w LIPSKU<\/em><\/h3>\n<\/div><div class=\"fusion-clearfix\"><\/div><\/div><\/div><div class=\"fusion-layout-column fusion_builder_column fusion-builder-column-1 fusion_builder_column_2_3 2_3 fusion-two-third fusion-column-last\" style=\"width:65.3333%;margin-top:0px;margin-bottom:0px;\"><div class=\"fusion-column-wrapper fusion-flex-column-wrapper-legacy\" style=\"background-position:left top;background-repeat:no-repeat;-webkit-background-size:cover;-moz-background-size:cover;-o-background-size:cover;background-size:cover;padding: 0px 0px 0px 0px;\"><div class=\"fusion-text fusion-text-3\"><p style=\"text-align: justify;\">Montujemy stal. Mamy ponad dwudziestopi\u0119cioletnie DO\u015aWIADCZENIE. Pracuje dla nas ponad 90 bardzo kompetentnych monter\u00f3w. Obecnie dysponujemy 15 w\u0142asnymi zespo\u0142ami monta\u017cowymi W\u00a0CA\u0141YCH NIEMCZECH. Wsp\u00f3\u0142pracujemy z\u00a0kierownikami budowy i\u00a0mened\u017cerami projekt\u00f3w, kt\u00f3rzy b\u0119d\u0105 dla Pa\u0144stwa partnerami godnymi zaufania.<\/p>\n<p style=\"text-align: justify;\">Nasi klienci i pracownicy\u00a0maj\u0105 do wyboru dwie siedziby naszej firmy\u00a0znajduj\u0105ce si\u0119 w Erbendorf\/Bawaria i Lipsk\/Saksonia.<\/p>\n<p style=\"text-align: justify;\">Jeste\u015bmy ekspertami na wszystkich polach monta\u017cu stali. Po prostu w firmie Lochner Stahlbaumontagen Pa\u0144stwa projekt znajduje si\u0119 w dobrych r\u0119kach. Mamy ambicj\u0119 realizacji projektu ku Pa\u0144stwa ca\u0142kowitemu ZADOWOLENIU. Oczywi\u015bcie licz\u0105 si\u0119 przy tym TERMINY, ELASTYCZNO\u015a\u0106 w podej\u015bciu do zmian oraz PARTNERSTWO, praca z\u00a0klientami r\u0119ka w r\u0119k\u0119.<\/p>\n<p style=\"text-align: justify;\">Wielu odbiorc\u00f3w naszych produkt\u00f3w stawia na nas ju\u017c od lat, ceni nas za know-how, JAKO\u015a\u0106 pracy oraz mo\u017cliwo\u015bci, otwieraj\u0105ce si\u0119 przed nimi dzi\u0119ki naszej sieci. Dysponujemy \u015bwietnie dzia\u0142aj\u0105cym parkiem maszynowym, \u0142\u0105cznie z d\u017awigami. Wspieramy Pa\u0144stwa ju\u017c na etapie kalkulacji, wypracowujemy wsp\u00f3lnie koncepcj\u0119 monta\u017cu \u2013 zgodnie z Pa\u0144stwa \u017cyczeniem.<\/p>\n<p style=\"text-align: justify;\">Nie spoczywamy na laurach. Nasza firma ci\u0105gle si\u0119 rozwija. Z przekonania mamy certyfikat SCC. Od ko\u0144ca 2015 roku jeste\u015bmy uznawani za zak\u0142ad spawalniczy realizuj\u0105cy projekty klas EXC3 do EN 1090-2. Umo\u017cliwia to nam r\u00f3wnie\u017c tworzenie innych kompleksowych budowli ze stali, w\u00a0tym zwi\u0105zanych z\u00a0realizacj\u0105 prac spawalniczych.<\/p>\n<\/div><div class=\"fusion-sep-clear\"><\/div><div class=\"fusion-separator fusion-clearfix\" style=\"float:left;margin-top:0px;margin-bottom:45px;width:100%;max-width:170px;\"><\/div><div class=\"fusion-sep-clear\"><\/div><a href=\"http:\/\/www.lochner-stahlbaumontagen.de\/wp-content\/uploads\/2016\/01\/Mitgliedschaft-Fachverband_Innung.pdf\" target=\"_blank\"><img src=\"http:\/\/www.lochner-stahlbaumontagen.de\/wp-content\/uploads\/2015\/11\/mm3_r.png\" ALT=\"some text\" ><\/a>\r\n\r\n<a href=\"http:\/\/www.lochner-stahlbaumontagen.de\/wp-content\/uploads\/2016\/01\/SCC-Zertifikat.pdf\" target=\"_blank\"><img src=\"http:\/\/www.lochner-stahlbaumontagen.de\/wp-content\/uploads\/2015\/11\/vv_r.png\" ALT=\"some text\" ><\/a>\r\n\r\n<a href=\"http:\/\/www.lochner-stahlbaumontagen.de\/wp-content\/uploads\/2016\/01\/Schwei%C3%9Fzertifikat-EN-1090.pdf\" target=\"_blank\"><img src=\"http:\/\/www.lochner-stahlbaumontagen.de\/wp-content\/uploads\/2016\/02\/Zertifikat-rot.png\" ALT=\"some text\" ><\/a>\r\n<div class=\"fusion-clearfix\"><\/div><\/div><\/div><\/div><\/div><div class=\"fusion-fullwidth fullwidth-box fusion-builder-row-2 fusion-parallax-none nonhundred-percent-fullwidth non-hundred-percent-height-scrolling\" style=\"background-color: #ffffff;background-image: url(&quot;http:\/\/www.lochner-stahlbaumontagen.de\/wp-content\/uploads\/2015\/11\/lochner_l_4a.jpg&quot;);background-position: center center;background-repeat: no-repeat;padding-top:110px;padding-right:0px;padding-bottom:110px;padding-left:0px;margin-bottom: 0px;margin-top: 0px;border-width: 0px 0px 0px 0px;border-color:#eae9e9;border-style:solid;-webkit-background-size:cover;-moz-background-size:cover;-o-background-size:cover;background-size:cover;\" ><div class=\"fusion-builder-row fusion-row\"><div class=\"fusion-layout-column fusion_builder_column fusion-builder-column-2 fusion_builder_column_1_1 1_1 fusion-one-full fusion-column-first fusion-column-last fusion-column-no-min-height\" style=\"margin-top:0px;margin-bottom:0px;\"><div class=\"fusion-column-wrapper fusion-flex-column-wrapper-legacy\" style=\"background-position:left top;background-repeat:no-repeat;-webkit-background-size:cover;-moz-background-size:cover;-o-background-size:cover;background-size:cover;padding: 0px 0px 0px 0px;\"><div class=\"fusion-text fusion-text-4\"><h4><span style=\"color: #ffffff; font-size: 30px; letter-spacing: 2px;\">WYSOKIE BUDOWLE STALOWE \/ SPECJALNE KONSTRUKCJE<\/span><\/h4>\n<\/div><div class=\"fusion-clearfix\"><\/div><\/div><\/div><\/div><\/div><div class=\"fusion-fullwidth fullwidth-box fusion-builder-row-3 fusion-parallax-none nonhundred-percent-fullwidth non-hundred-percent-height-scrolling\" style=\"background-color: #ffffff;background-image: url(&quot;http:\/\/www.lochner-stahlbaumontagen.de\/wp-content\/uploads\/2015\/11\/lochner_long_3a.jpg&quot;);background-position: center center;background-repeat: no-repeat;padding-top:150px;padding-right:0px;padding-bottom:150px;padding-left:0px;margin-bottom: 0px;margin-top: 0px;border-width: 0px 0px 0px 0px;border-color:#eae9e9;border-style:solid;-webkit-background-size:cover;-moz-background-size:cover;-o-background-size:cover;background-size:cover;\" ><div class=\"fusion-builder-row fusion-row\"><div class=\"fusion-layout-column fusion_builder_column fusion-builder-column-3 fusion_builder_column_1_1 1_1 fusion-one-full fusion-column-first fusion-column-last fusion-column-no-min-height\" style=\"margin-top:0px;margin-bottom:0px;\"><div class=\"fusion-column-wrapper fusion-flex-column-wrapper-legacy\" style=\"background-position:left top;background-repeat:no-repeat;-webkit-background-size:cover;-moz-background-size:cover;-o-background-size:cover;background-size:cover;padding: 0px 0px 0px 0px;\"><div class=\"fusion-text fusion-text-5\"><h4><span style=\"color: #ffffff; font-size: 30px; letter-spacing: 2px;\">KONSTRUKCJE HAL \/ BUDOWLE PRZEMYS\u0141OWE<\/span><\/h4>\n<\/div><div class=\"fusion-clearfix\"><\/div><\/div><\/div><\/div><\/div><div class=\"fusion-fullwidth fullwidth-box fusion-builder-row-4 fusion-parallax-none nonhundred-percent-fullwidth non-hundred-percent-height-scrolling\" style=\"background-color: #ffffff;background-image: url(&quot;http:\/\/www.lochner-stahlbaumontagen.de\/wp-content\/uploads\/2015\/11\/lochner_l_3a.jpg&quot;);background-position: center center;background-repeat: no-repeat;padding-top:110px;padding-right:0px;padding-bottom:110px;padding-left:0px;margin-bottom: 0px;margin-top: 0px;border-width: 0px 0px 0px 0px;border-color:#eae9e9;border-style:solid;-webkit-background-size:cover;-moz-background-size:cover;-o-background-size:cover;background-size:cover;\" ><div class=\"fusion-builder-row fusion-row\"><div class=\"fusion-layout-column fusion_builder_column fusion-builder-column-4 fusion_builder_column_1_1 1_1 fusion-one-full fusion-column-first fusion-column-last fusion-column-no-min-height\" style=\"margin-top:0px;margin-bottom:0px;\"><div class=\"fusion-column-wrapper fusion-flex-column-wrapper-legacy\" style=\"background-position:left top;background-repeat:no-repeat;-webkit-background-size:cover;-moz-background-size:cover;-o-background-size:cover;background-size:cover;padding: 0px 0px 0px 0px;\"><div class=\"fusion-text fusion-text-6\"><h4><span style=\"color: #ffffff; font-size: 30px; letter-spacing: 2px;\">PETROCHEMIA<\/span><\/h4>\n<\/div><div class=\"fusion-clearfix\"><\/div><\/div><\/div><\/div><\/div><div class=\"fusion-fullwidth fullwidth-box fusion-builder-row-5 fusion-parallax-none nonhundred-percent-fullwidth non-hundred-percent-height-scrolling\" style=\"background-color: #ffffff;background-image: url(&quot;http:\/\/www.lochner-stahlbaumontagen.de\/wp-content\/uploads\/2015\/11\/lochner_l_1a.jpg&quot;);background-position: center center;background-repeat: no-repeat;padding-top:110px;padding-right:0px;padding-bottom:110px;padding-left:0px;margin-bottom: 0px;margin-top: 0px;border-width: 0px 0px 0px 0px;border-color:#eae9e9;border-style:solid;-webkit-background-size:cover;-moz-background-size:cover;-o-background-size:cover;background-size:cover;\" ><div class=\"fusion-builder-row fusion-row\"><div class=\"fusion-layout-column fusion_builder_column fusion-builder-column-5 fusion_builder_column_1_1 1_1 fusion-one-full fusion-column-first fusion-column-last fusion-column-no-min-height\" style=\"margin-top:0px;margin-bottom:0px;\"><div class=\"fusion-column-wrapper fusion-flex-column-wrapper-legacy\" style=\"background-position:left top;background-repeat:no-repeat;-webkit-background-size:cover;-moz-background-size:cover;-o-background-size:cover;background-size:cover;padding: 0px 0px 0px 0px;\"><div class=\"fusion-text fusion-text-7\"><h4><span style=\"color: #ffffff; font-size: 30px; letter-spacing: 2px;\">BUDOWA ELEKTROWNI<\/span><\/h4>\n<\/div><div class=\"fusion-clearfix\"><\/div><\/div><\/div><\/div><\/div><div class=\"fusion-fullwidth fullwidth-box fusion-builder-row-6 fusion-parallax-none nonhundred-percent-fullwidth non-hundred-percent-height-scrolling\" style=\"background-color: #ffffff;background-image: url(&quot;http:\/\/www.lochner-stahlbaumontagen.de\/wp-content\/uploads\/2015\/11\/s_4a.jpg&quot;);background-position: center center;background-repeat: no-repeat;padding-top:110px;padding-right:0px;padding-bottom:110px;padding-left:0px;margin-bottom: 0px;margin-top: 0px;border-width: 0px 0px 0px 0px;border-color:#eae9e9;border-style:solid;-webkit-background-size:cover;-moz-background-size:cover;-o-background-size:cover;background-size:cover;\" ><div class=\"fusion-builder-row fusion-row\"><div class=\"fusion-layout-column fusion_builder_column fusion-builder-column-6 fusion_builder_column_1_1 1_1 fusion-one-full fusion-column-first fusion-column-last fusion-column-no-min-height\" style=\"margin-top:0px;margin-bottom:0px;\"><div class=\"fusion-column-wrapper fusion-flex-column-wrapper-legacy\" style=\"background-position:left top;background-repeat:no-repeat;-webkit-background-size:cover;-moz-background-size:cover;-o-background-size:cover;background-size:cover;padding: 0px 0px 0px 0px;\"><div class=\"fusion-text fusion-text-8\"><h4><span style=\"color: #ffffff; font-size: 30px; letter-spacing: 2px;\">BUDOWLE SPORTOWE<\/span><\/h4>\n<\/div><div class=\"fusion-clearfix\"><\/div><\/div><\/div><\/div><\/div><div class=\"fusion-fullwidth fullwidth-box fusion-builder-row-7 nonhundred-percent-fullwidth non-hundred-percent-height-scrolling\" style=\"background-color: #ffffff;background-position: left top;background-repeat: no-repeat;padding-top:130px;padding-right:0px;padding-bottom:120px;padding-left:0px;margin-bottom: 0px;margin-top: 0px;border-width: 0px 0px 0px 0px;border-color:#eae9e9;border-style:solid;\" ><div class=\"fusion-builder-row fusion-row\"><div class=\"fusion-layout-column fusion_builder_column fusion-builder-column-7 fusion_builder_column_1_3 1_3 fusion-one-third fusion-column-first\" style=\"width:30.6666%; margin-right: 4%;margin-top:0px;margin-bottom:0px;\"><div class=\"fusion-column-wrapper fusion-flex-column-wrapper-legacy\" style=\"background-position:right center;background-repeat:no-repeat;-webkit-background-size:cover;-moz-background-size:cover;-o-background-size:cover;background-size:cover;border-right:3px solid #e0dede;padding: 0px 0px 0px 0px;\"><div class=\"fusion-text fusion-text-9\"><h2>PROJEKTY<br \/>\nI REFERENCJE<\/h2>\n<\/div><div class=\"fusion-clearfix\"><\/div><\/div><\/div><div class=\"fusion-layout-column fusion_builder_column fusion-builder-column-8 fusion_builder_column_2_3 2_3 fusion-two-third fusion-column-last\" style=\"width:65.3333%;margin-top:0px;margin-bottom:100px;\"><div class=\"fusion-column-wrapper fusion-flex-column-wrapper-legacy\" style=\"background-position:left top;background-repeat:no-repeat;-webkit-background-size:cover;-moz-background-size:cover;-o-background-size:cover;background-size:cover;padding: 0px 0px 0px 0px;\"><div class=\"fusion-text fusion-text-10\"><h3>Montujemy stal. Jako\u015b\u0107 naszej pracy wida\u0107 na ka\u017cdym etapie realizacji projektu. <a href=\"http:\/\/www.lochner-stahlbaumontagen.de\/pl\/referencje\/\">Wi\u0119cej referencji znajd\u0105 Pa\u0144stwo tutaj.<\/a><\/h3>\n<\/div><div class=\"fusion-clearfix\"><\/div><\/div><\/div><div class=\"fusion-layout-column fusion_builder_column fusion-builder-column-9 fusion_builder_column_1_1 1_1 fusion-one-full fusion-column-first fusion-column-last fusion-column-no-min-height\" style=\"margin-top:0px;margin-bottom:0px;\"><div class=\"fusion-column-wrapper fusion-flex-column-wrapper-legacy\" style=\"background-position:left top;background-repeat:no-repeat;-webkit-background-size:cover;-moz-background-size:cover;-o-background-size:cover;background-size:cover;padding: 0px 0px 0px 0px;\"><div class=\"fusion-recent-works fusion-portfolio-element fusion-portfolio fusion-portfolio-1 fusion-portfolio-grid fusion-portfolio-paging-none fusion-portfolio-three fusion-portfolio-no_text fusion-portfolio-rollover fusion-animated\" data-id=\"-rw-1\" data-columns=\"three\" data-animationType=\"fadeInDown\" data-animationDuration=\"1\" data-animationOffset=\"top-into-view\"><style type=\"text\/css\">.fusion-portfolio-1 .fusion-portfolio-wrapper .fusion-col-spacing{padding:15px;}<\/style><div class=\"fusion-portfolio-wrapper\" id=\"fusion-portfolio-1\" data-picturesize=\"auto\" data-pages=\"11\" style=\"margin:-15px;\"><article id=\"portfolio-1-post-2878\" class=\"fusion-portfolio-post fusion-col-spacing post-2878\"><div class=\"fusion-portfolio-content-wrapper\" style=\"border:none;\"><span class=\"entry-title rich-snippet-hidden\">Bayern Oil Notkamin<\/span><span class=\"vcard rich-snippet-hidden\"><span class=\"fn\"><a href=\"https:\/\/www.lochner-stahlbaumontagen.de\/pl\/author\/lochner\/\" title=\"Wpisy od lochner\" rel=\"author\">lochner<\/a><\/span><\/span><span class=\"updated rich-snippet-hidden\">2016-06-07T07:23:03+01:00<\/span><div  class=\"fusion-image-wrapper\" aria-haspopup=\"true\">\n\t\t\t\t<img width=\"800\" height=\"541\" src=\"https:\/\/www.lochner-stahlbaumontagen.de\/wp-content\/uploads\/2016\/04\/1_Bayern-Oil-Notkamin.jpg\" class=\"attachment-full size-full wp-post-image\" alt=\"\" loading=\"lazy\" \/><div class=\"fusion-rollover\">\n\t<div class=\"fusion-rollover-content\">\n\n\t\t\t\t\n\t\t\n\t\t\t\t\t\t\t\t\t\t\t\t<h4 class=\"fusion-rollover-title\">\n\t\t\t\t\t<a class=\"fusion-rollover-title-link\" href=\"https:\/\/www.lochner-stahlbaumontagen.de\/pl\/portfolio-item\/bayern-oil-notkamin-2\/\">\n\t\t\t\t\t\tBayern Oil Notkamin\t\t\t\t\t<\/a>\n\t\t\t\t<\/h4>\n\t\t\t\n\t\t\t\t\t\t\t\t\n\t\t\n\t\t\t\t\t\t<a class=\"fusion-link-wrapper\" href=\"https:\/\/www.lochner-stahlbaumontagen.de\/pl\/portfolio-item\/bayern-oil-notkamin-2\/\" aria-label=\"Bayern Oil Notkamin\"><\/a>\n\t<\/div>\n<\/div>\n<\/div>\n<\/div><\/article><article id=\"portfolio-1-post-1978\" class=\"fusion-portfolio-post sonderkonstruktionen-pl fusion-col-spacing post-1978\"><div class=\"fusion-portfolio-content-wrapper\" style=\"border:none;\"><span class=\"entry-title rich-snippet-hidden\">Walzwerk Peine<\/span><span class=\"vcard rich-snippet-hidden\"><span class=\"fn\"><a href=\"https:\/\/www.lochner-stahlbaumontagen.de\/pl\/author\/lochner\/\" title=\"Wpisy od lochner\" rel=\"author\">lochner<\/a><\/span><\/span><span class=\"updated rich-snippet-hidden\">2016-05-05T09:49:49+01:00<\/span><div  class=\"fusion-image-wrapper\" aria-haspopup=\"true\">\n\t\t\t\t<img width=\"800\" height=\"541\" src=\"https:\/\/www.lochner-stahlbaumontagen.de\/wp-content\/uploads\/2015\/09\/Walzwerk-Peine_1_w_1.jpg\" class=\"attachment-full size-full wp-post-image\" alt=\"\" loading=\"lazy\" \/><div class=\"fusion-rollover\">\n\t<div class=\"fusion-rollover-content\">\n\n\t\t\t\t\n\t\t\n\t\t\t\t\t\t\t\t\t\t\t\t<h4 class=\"fusion-rollover-title\">\n\t\t\t\t\t<a class=\"fusion-rollover-title-link\" href=\"https:\/\/www.lochner-stahlbaumontagen.de\/pl\/portfolio-item\/walzwerk-peine\/\">\n\t\t\t\t\t\tWalzwerk Peine\t\t\t\t\t<\/a>\n\t\t\t\t<\/h4>\n\t\t\t\n\t\t\t\t\t\t\t\t\n\t\t\n\t\t\t\t\t\t<a class=\"fusion-link-wrapper\" href=\"https:\/\/www.lochner-stahlbaumontagen.de\/pl\/portfolio-item\/walzwerk-peine\/\" aria-label=\"Walzwerk Peine\"><\/a>\n\t<\/div>\n<\/div>\n<\/div>\n<\/div><\/article><article id=\"portfolio-1-post-1981\" class=\"fusion-portfolio-post sonderkonstruktionen-pl fusion-col-spacing post-1981\"><div class=\"fusion-portfolio-content-wrapper\" style=\"border:none;\"><span class=\"entry-title rich-snippet-hidden\">Swisspor Arena Luzern<\/span><span class=\"vcard rich-snippet-hidden\"><span class=\"fn\"><a href=\"https:\/\/www.lochner-stahlbaumontagen.de\/pl\/author\/lochner\/\" title=\"Wpisy od lochner\" rel=\"author\">lochner<\/a><\/span><\/span><span class=\"updated rich-snippet-hidden\">2019-05-06T16:33:43+01:00<\/span><div  class=\"fusion-image-wrapper\" aria-haspopup=\"true\">\n\t\t\t\t<img width=\"800\" height=\"541\" src=\"https:\/\/www.lochner-stahlbaumontagen.de\/wp-content\/uploads\/2015\/09\/Swisspor-Arena-Panorama_1_w_1.jpg\" class=\"attachment-full size-full wp-post-image\" alt=\"\" loading=\"lazy\" \/><div class=\"fusion-rollover\">\n\t<div class=\"fusion-rollover-content\">\n\n\t\t\t\t\n\t\t\n\t\t\t\t\t\t\t\t\t\t\t\t<h4 class=\"fusion-rollover-title\">\n\t\t\t\t\t<a class=\"fusion-rollover-title-link\" href=\"https:\/\/www.lochner-stahlbaumontagen.de\/pl\/portfolio-item\/swisspor-arena\/\">\n\t\t\t\t\t\tSwisspor Arena Luzern\t\t\t\t\t<\/a>\n\t\t\t\t<\/h4>\n\t\t\t\n\t\t\t\t\t\t\t\t\n\t\t\n\t\t\t\t\t\t<a class=\"fusion-link-wrapper\" href=\"https:\/\/www.lochner-stahlbaumontagen.de\/pl\/portfolio-item\/swisspor-arena\/\" aria-label=\"Swisspor Arena Luzern\"><\/a>\n\t<\/div>\n<\/div>\n<\/div>\n<\/div><\/article><article id=\"portfolio-1-post-1983\" class=\"fusion-portfolio-post sonderkonstruktionen-pl fusion-col-spacing post-1983\"><div class=\"fusion-portfolio-content-wrapper\" style=\"border:none;\"><span class=\"entry-title rich-snippet-hidden\">Standlaufeinrichtung A380<\/span><span class=\"vcard rich-snippet-hidden\"><span class=\"fn\"><a href=\"https:\/\/www.lochner-stahlbaumontagen.de\/pl\/author\/lochner\/\" title=\"Wpisy od lochner\" rel=\"author\">lochner<\/a><\/span><\/span><span class=\"updated rich-snippet-hidden\">2016-06-07T07:27:06+01:00<\/span><div  class=\"fusion-image-wrapper\" aria-haspopup=\"true\">\n\t\t\t\t<img width=\"800\" height=\"541\" src=\"https:\/\/www.lochner-stahlbaumontagen.de\/wp-content\/uploads\/2016\/03\/1_Standlaufeinrichtung1.jpg\" class=\"attachment-full size-full wp-post-image\" alt=\"\" loading=\"lazy\" \/><div class=\"fusion-rollover\">\n\t<div class=\"fusion-rollover-content\">\n\n\t\t\t\t\n\t\t\n\t\t\t\t\t\t\t\t\t\t\t\t<h4 class=\"fusion-rollover-title\">\n\t\t\t\t\t<a class=\"fusion-rollover-title-link\" href=\"https:\/\/www.lochner-stahlbaumontagen.de\/pl\/portfolio-item\/standlaufeinrichtung-a380\/\">\n\t\t\t\t\t\tStandlaufeinrichtung A380\t\t\t\t\t<\/a>\n\t\t\t\t<\/h4>\n\t\t\t\n\t\t\t\t\t\t\t\t\n\t\t\n\t\t\t\t\t\t<a class=\"fusion-link-wrapper\" href=\"https:\/\/www.lochner-stahlbaumontagen.de\/pl\/portfolio-item\/standlaufeinrichtung-a380\/\" aria-label=\"Standlaufeinrichtung A380\"><\/a>\n\t<\/div>\n<\/div>\n<\/div>\n<\/div><\/article><article id=\"portfolio-1-post-1985\" class=\"fusion-portfolio-post sonderkonstruktionen-pl fusion-col-spacing post-1985\"><div class=\"fusion-portfolio-content-wrapper\" style=\"border:none;\"><span class=\"entry-title rich-snippet-hidden\">Rohrbru\u0308cke MHKW Mannheim<\/span><span class=\"vcard rich-snippet-hidden\"><span class=\"fn\"><a href=\"https:\/\/www.lochner-stahlbaumontagen.de\/pl\/author\/lochner\/\" title=\"Wpisy od lochner\" rel=\"author\">lochner<\/a><\/span><\/span><span class=\"updated rich-snippet-hidden\">2016-06-07T07:27:38+01:00<\/span><div  class=\"fusion-image-wrapper\" aria-haspopup=\"true\">\n\t\t\t\t<img width=\"800\" height=\"541\" src=\"https:\/\/www.lochner-stahlbaumontagen.de\/wp-content\/uploads\/2015\/09\/Rohrbr\u00fccke-Mannheim_1_w_1.jpg\" class=\"attachment-full size-full wp-post-image\" alt=\"\" loading=\"lazy\" \/><div class=\"fusion-rollover\">\n\t<div class=\"fusion-rollover-content\">\n\n\t\t\t\t\n\t\t\n\t\t\t\t\t\t\t\t\t\t\t\t<h4 class=\"fusion-rollover-title\">\n\t\t\t\t\t<a class=\"fusion-rollover-title-link\" href=\"https:\/\/www.lochner-stahlbaumontagen.de\/pl\/portfolio-item\/rohrbrucke-mannheim\/\">\n\t\t\t\t\t\tRohrbru\u0308cke MHKW Mannheim\t\t\t\t\t<\/a>\n\t\t\t\t<\/h4>\n\t\t\t\n\t\t\t\t\t\t\t\t\n\t\t\n\t\t\t\t\t\t<a class=\"fusion-link-wrapper\" href=\"https:\/\/www.lochner-stahlbaumontagen.de\/pl\/portfolio-item\/rohrbrucke-mannheim\/\" aria-label=\"Rohrbru\u0308cke MHKW Mannheim\"><\/a>\n\t<\/div>\n<\/div>\n<\/div>\n<\/div><\/article><article id=\"portfolio-1-post-1987\" class=\"fusion-portfolio-post sonderkonstruktionen-pl fusion-col-spacing post-1987\"><div class=\"fusion-portfolio-content-wrapper\" style=\"border:none;\"><span class=\"entry-title rich-snippet-hidden\">Bahnhof Ostkreuz Berlin<\/span><span class=\"vcard rich-snippet-hidden\"><span class=\"fn\"><a href=\"https:\/\/www.lochner-stahlbaumontagen.de\/pl\/author\/lochner\/\" title=\"Wpisy od lochner\" rel=\"author\">lochner<\/a><\/span><\/span><span class=\"updated rich-snippet-hidden\">2016-06-07T07:29:44+01:00<\/span><div  class=\"fusion-image-wrapper\" aria-haspopup=\"true\">\n\t\t\t\t<img width=\"800\" height=\"541\" src=\"https:\/\/www.lochner-stahlbaumontagen.de\/wp-content\/uploads\/2015\/09\/Ostkreuz_1_w_1.jpg\" class=\"attachment-full size-full wp-post-image\" alt=\"\" loading=\"lazy\" \/><div class=\"fusion-rollover\">\n\t<div class=\"fusion-rollover-content\">\n\n\t\t\t\t\n\t\t\n\t\t\t\t\t\t\t\t\t\t\t\t<h4 class=\"fusion-rollover-title\">\n\t\t\t\t\t<a class=\"fusion-rollover-title-link\" href=\"https:\/\/www.lochner-stahlbaumontagen.de\/pl\/portfolio-item\/ostkreuz\/\">\n\t\t\t\t\t\tBahnhof Ostkreuz Berlin\t\t\t\t\t<\/a>\n\t\t\t\t<\/h4>\n\t\t\t\n\t\t\t\t\t\t\t\t\n\t\t\n\t\t\t\t\t\t<a class=\"fusion-link-wrapper\" href=\"https:\/\/www.lochner-stahlbaumontagen.de\/pl\/portfolio-item\/ostkreuz\/\" aria-label=\"Bahnhof Ostkreuz Berlin\"><\/a>\n\t<\/div>\n<\/div>\n<\/div>\n<\/div><\/article><\/div><\/div><div class=\"fusion-clearfix\"><\/div><\/div><\/div><\/div><\/div><\/p>\n","protected":false},"excerpt":{"rendered":"","protected":false},"author":1,"featured_media":0,"parent":0,"menu_order":0,"comment_status":"closed","ping_status":"open","template":"100-width.php","meta":[],"_links":{"self":[{"href":"https:\/\/www.lochner-stahlbaumontagen.de\/pl\/wp-json\/wp\/v2\/pages\/1905"}],"collection":[{"href":"https:\/\/www.lochner-stahlbaumontagen.de\/pl\/wp-json\/wp\/v2\/pages"}],"about":[{"href":"https:\/\/www.lochner-stahlbaumontagen.de\/pl\/wp-json\/wp\/v2\/types\/page"}],"author":[{"embeddable":true,"href":"https:\/\/www.lochner-stahlbaumontagen.de\/pl\/wp-json\/wp\/v2\/users\/1"}],"replies":[{"embeddable":true,"href":"https:\/\/www.lochner-stahlbaumontagen.de\/pl\/wp-json\/wp\/v2\/comments?post=1905"}],"version-history":[{"count":11,"href":"https:\/\/www.lochner-stahlbaumontagen.de\/pl\/wp-json\/wp\/v2\/pages\/1905\/revisions"}],"predecessor-version":[{"id":4442,"href":"https:\/\/www.lochner-stahlbaumontagen.de\/pl\/wp-json\/wp\/v2\/pages\/1905\/revisions\/4442"}],"wp:attachment":[{"href":"https:\/\/www.lochner-stahlbaumontagen.de\/pl\/wp-json\/wp\/v2\/media?parent=1905"}],"curies":[{"name":"wp","href":"https:\/\/api.w.org\/{rel}","templated":true}]}}