{"id":1903,"date":"2016-02-17T10:10:50","date_gmt":"2016-02-17T10:10:50","guid":{"rendered":"http:\/\/www.lochner-stahlbaumontagen.de\/?page_id=1903"},"modified":"2019-05-06T16:33:37","modified_gmt":"2019-05-06T16:33:37","slug":"downloads","status":"publish","type":"page","link":"https:\/\/www.lochner-stahlbaumontagen.de\/pl\/downloads\/","title":{"rendered":"Downloads"},"content":{"rendered":"<div class=\"fusion-fullwidth fullwidth-box fusion-builder-row-1 nonhundred-percent-fullwidth non-hundred-percent-height-scrolling\" style=\"background-color: #ffffff;background-position: left top;background-repeat: no-repeat;padding-top:20px;padding-right:0px;padding-bottom:20px;padding-left:0px;margin-bottom: 0px;margin-top: 0px;border-width: 0px 0px 0px 0px;border-color:#eae9e9;border-style:solid;\" ><div class=\"fusion-builder-row fusion-row\"><div class=\"fusion-layout-column fusion_builder_column fusion-builder-column-0 fusion_builder_column_1_1 1_1 fusion-one-full fusion-column-first fusion-column-last fusion-column-no-min-height\" style=\"margin-top:0px;margin-bottom:0px;\"><div class=\"fusion-column-wrapper fusion-flex-column-wrapper-legacy\" style=\"background-position:left top;background-repeat:no-repeat;-webkit-background-size:cover;-moz-background-size:cover;-o-background-size:cover;background-size:cover;padding: 0px 0px 0px 0px;\"><div class=\"fusion-sep-clear\"><\/div><div class=\"fusion-separator fusion-full-width-sep\" style=\"margin-left: auto;margin-right: auto;margin-top:35px;width:100%;\"><\/div><div class=\"fusion-sep-clear\"><\/div><div class=\"fusion-clearfix\"><\/div><\/div><\/div><div class=\"fusion-layout-column fusion_builder_column fusion-builder-column-1 fusion_builder_column_1_2 1_2 fusion-one-half fusion-column-first\" style=\"width:48%; margin-right: 4%;margin-top:0px;margin-bottom:20px;\"><div class=\"fusion-column-wrapper fusion-flex-column-wrapper-legacy\" style=\"background-position:left top;background-repeat:no-repeat;-webkit-background-size:cover;-moz-background-size:cover;-o-background-size:cover;background-size:cover;background-color:#f8f8f8;padding: 0px 0px 0px 0px;\"><div class=\"fusion-text fusion-text-1\"><div style=\"padding: 25px;\">\n<h4 style=\"text-align: left;\"><a href=\"http:\/\/www.lochner-stahlbaumontagen.de\/wp-content\/uploads\/2016\/02\/Lochner_Image.pdf\" target=\"_blank\">Ulotka (w j\u0119zyku niemieckim)<\/a><\/h4>\n<\/div>\n<\/div><div class=\"fusion-clearfix\"><\/div><\/div><\/div><div class=\"fusion-layout-column fusion_builder_column fusion-builder-column-2 fusion_builder_column_1_2 1_2 fusion-one-half fusion-column-last\" style=\"width:48%;margin-top:0px;margin-bottom:20px;\"><div class=\"fusion-column-wrapper fusion-flex-column-wrapper-legacy\" style=\"background-position:left top;background-repeat:no-repeat;-webkit-background-size:cover;-moz-background-size:cover;-o-background-size:cover;background-size:cover;background-color:#f8f8f8;padding: 0px 0px 0px 0px;\"><div class=\"fusion-text fusion-text-2\"><div style=\"padding: 25px;\">\n<h4 style=\"text-align: left;\"><a href=\"http:\/\/www.lochner-stahlbaumontagen.de\/wp-content\/uploads\/2016\/01\/SCC-Zertifikat.pdf\" target=\"_blank\">Certyfikat SCC \u2013 bezpiecze\u0144stwo pracy<\/a><\/h4>\n<\/div>\n<\/div><div class=\"fusion-clearfix\"><\/div><\/div><\/div><div class=\"fusion-layout-column fusion_builder_column fusion-builder-column-3 fusion_builder_column_1_2 1_2 fusion-one-half fusion-column-first\" style=\"width:48%; margin-right: 4%;margin-top:0px;margin-bottom:20px;\"><div class=\"fusion-column-wrapper fusion-flex-column-wrapper-legacy\" style=\"background-position:left top;background-repeat:no-repeat;-webkit-background-size:cover;-moz-background-size:cover;-o-background-size:cover;background-size:cover;background-color:#f8f8f8;padding: 0px 0px 0px 0px;\"><div class=\"fusion-text fusion-text-3\"><div style=\"padding: 25px;\">\n<h4 style=\"text-align: left;\"><a href=\"http:\/\/www.lochner-stahlbaumontagen.de\/wp-content\/uploads\/2016\/01\/Schwei\u00dfzertifikat-EN-1090.pdf\" target=\"_blank\">Certyfikaty spawalnicze od EXC3 do EN 1090-2<\/a><\/h4>\n<\/div>\n<\/div><div class=\"fusion-clearfix\"><\/div><\/div><\/div><div class=\"fusion-layout-column fusion_builder_column fusion-builder-column-4 fusion_builder_column_1_2 1_2 fusion-one-half fusion-column-last\" style=\"width:48%;margin-top:0px;margin-bottom:20px;\"><div class=\"fusion-column-wrapper fusion-flex-column-wrapper-legacy\" style=\"background-position:left top;background-repeat:no-repeat;-webkit-background-size:cover;-moz-background-size:cover;-o-background-size:cover;background-size:cover;background-color:#f8f8f8;padding: 0px 0px 0px 0px;\"><div class=\"fusion-text fusion-text-4\"><div style=\"padding: 25px;\">\n<h4 style=\"text-align: left;\"><a href=\"http:\/\/www.lochner-stahlbaumontagen.de\/wp-content\/uploads\/2016\/01\/Freistellungsbescheinigung.pdf\" target=\"_blank\">\u015awiadectwo zwolnienia<\/a><\/h4>\n<\/div>\n<\/div><div class=\"fusion-clearfix\"><\/div><\/div><\/div><div class=\"fusion-layout-column fusion_builder_column fusion-builder-column-5 fusion_builder_column_1_2 1_2 fusion-one-half fusion-column-first\" style=\"width:48%; margin-right: 4%;margin-top:0px;margin-bottom:20px;\"><div class=\"fusion-column-wrapper fusion-flex-column-wrapper-legacy\" style=\"background-position:left top;background-repeat:no-repeat;-webkit-background-size:cover;-moz-background-size:cover;-o-background-size:cover;background-size:cover;background-color:#f8f8f8;padding: 0px 0px 0px 0px;\"><div class=\"fusion-text fusion-text-5\"><div style=\"padding: 25px;\">\n<h4 style=\"text-align: left;\"><a href=\"http:\/\/www.lochner-stahlbaumontagen.de\/wp-content\/uploads\/2016\/01\/Nachweis-Steuerschuldnerschaft.pdf\" target=\"_blank\">Za\u015bwiadczenie o odwrotnym obci\u0105\u017ceniu<\/a><\/h4>\n<\/div>\n<\/div><div class=\"fusion-clearfix\"><\/div><\/div><\/div><div class=\"fusion-layout-column fusion_builder_column fusion-builder-column-6 fusion_builder_column_1_2 1_2 fusion-one-half fusion-column-last\" style=\"width:48%;margin-top:0px;margin-bottom:20px;\"><div class=\"fusion-column-wrapper fusion-flex-column-wrapper-legacy\" style=\"background-position:left top;background-repeat:no-repeat;-webkit-background-size:cover;-moz-background-size:cover;-o-background-size:cover;background-size:cover;background-color:#f8f8f8;padding: 0px 0px 0px 0px;\"><div class=\"fusion-text fusion-text-6\"><div style=\"padding: 25px;\">\n<h4 style=\"text-align: left;\"><a href=\"http:\/\/www.lochner-stahlbaumontagen.de\/wp-content\/uploads\/2016\/01\/Handelsregisterauszug.pdf\">Wyci\u0105g z rejestru handlowego<\/a><\/h4>\n<\/div>\n<\/div><div class=\"fusion-clearfix\"><\/div><\/div><\/div><div class=\"fusion-layout-column fusion_builder_column fusion-builder-column-7 fusion_builder_column_1_2 1_2 fusion-one-half fusion-column-first\" style=\"width:48%; margin-right: 4%;margin-top:0px;margin-bottom:20px;\"><div class=\"fusion-column-wrapper fusion-flex-column-wrapper-legacy\" style=\"background-position:left top;background-repeat:no-repeat;-webkit-background-size:cover;-moz-background-size:cover;-o-background-size:cover;background-size:cover;background-color:#f8f8f8;padding: 0px 0px 0px 0px;\"><div class=\"fusion-text fusion-text-7\"><div style=\"padding: 25px;\">\n<h4 style=\"text-align: left;\"><a href=\"http:\/\/www.lochner-stahlbaumontagen.de\/wp-content\/uploads\/2016\/01\/Handelsregisterauszug-chronologisch.pdf\" target=\"_blank\">Wyci\u0105g z rejestru handlowego chronologicznie<\/a><\/h4>\n<\/div>\n<\/div><div class=\"fusion-clearfix\"><\/div><\/div><\/div><div class=\"fusion-layout-column fusion_builder_column fusion-builder-column-8 fusion_builder_column_1_2 1_2 fusion-one-half fusion-column-last\" style=\"width:48%;margin-top:0px;margin-bottom:20px;\"><div class=\"fusion-column-wrapper fusion-flex-column-wrapper-legacy\" style=\"background-position:left top;background-repeat:no-repeat;-webkit-background-size:cover;-moz-background-size:cover;-o-background-size:cover;background-size:cover;background-color:#f8f8f8;padding: 0px 0px 0px 0px;\"><div class=\"fusion-text fusion-text-8\"><div style=\"padding: 25px;\">\n<h4 style=\"text-align: left;\"><a href=\"http:\/\/www.lochner-stahlbaumontagen.de\/wp-content\/uploads\/2016\/01\/Gewerbezentralregisterauszug.pdf\" target=\"_blank\">Centralny rejestr dzia\u0142alno\u015bci gospodarczej<\/a><\/h4>\n<\/div>\n<\/div><div class=\"fusion-clearfix\"><\/div><\/div><\/div><div class=\"fusion-layout-column fusion_builder_column fusion-builder-column-9 fusion_builder_column_1_2 1_2 fusion-one-half fusion-column-first\" style=\"width:48%; margin-right: 4%;margin-top:0px;margin-bottom:20px;\"><div class=\"fusion-column-wrapper fusion-flex-column-wrapper-legacy\" style=\"background-position:left top;background-repeat:no-repeat;-webkit-background-size:cover;-moz-background-size:cover;-o-background-size:cover;background-size:cover;background-color:#f8f8f8;padding: 0px 0px 0px 0px;\"><div class=\"fusion-text fusion-text-9\"><div style=\"padding: 25px;\">\n<h4 style=\"text-align: left;\"><a href=\"http:\/\/www.lochner-stahlbaumontagen.de\/wp-content\/uploads\/2016\/01\/Gewerbeanmeldung.pdf\" target=\"_blank\">Rejestracja dzia\u0142alno\u015bci gospodarczej<\/a><\/h4>\n<\/div>\n<\/div><div class=\"fusion-clearfix\"><\/div><\/div><\/div><div class=\"fusion-layout-column fusion_builder_column fusion-builder-column-10 fusion_builder_column_1_2 1_2 fusion-one-half fusion-column-last\" style=\"width:48%;margin-top:0px;margin-bottom:20px;\"><div class=\"fusion-column-wrapper fusion-flex-column-wrapper-legacy\" style=\"background-position:left top;background-repeat:no-repeat;-webkit-background-size:cover;-moz-background-size:cover;-o-background-size:cover;background-size:cover;background-color:#f8f8f8;padding: 0px 0px 0px 0px;\"><div class=\"fusion-text fusion-text-10\"><div style=\"padding: 25px;\">\n<h4 style=\"text-align: left;\"><a href=\"http:\/\/www.lochner-stahlbaumontagen.de\/wp-content\/uploads\/2016\/01\/UB-AOK.pdf\" target=\"_blank\">Za\u015bwiadczenie o braku zastrze\u017ce\u0144 AOK<\/a><\/h4>\n<\/div>\n<\/div><div class=\"fusion-clearfix\"><\/div><\/div><\/div><div class=\"fusion-layout-column fusion_builder_column fusion-builder-column-11 fusion_builder_column_1_2 1_2 fusion-one-half fusion-column-first\" style=\"width:48%; margin-right: 4%;margin-top:0px;margin-bottom:20px;\"><div class=\"fusion-column-wrapper fusion-flex-column-wrapper-legacy\" style=\"background-position:left top;background-repeat:no-repeat;-webkit-background-size:cover;-moz-background-size:cover;-o-background-size:cover;background-size:cover;background-color:#f8f8f8;padding: 0px 0px 0px 0px;\"><div class=\"fusion-text fusion-text-11\"><div style=\"padding: 25px;\">\n<h4 style=\"text-align: left;\"><a href=\"http:\/\/www.lochner-stahlbaumontagen.de\/wp-content\/uploads\/2016\/01\/UB-Techniker-KK.pdf\" target=\"_blank\">Za\u015bwiadczenie o braku zastrze\u017ce\u0144 technicy KK<\/a><\/h4>\n<\/div>\n<\/div><div class=\"fusion-clearfix\"><\/div><\/div><\/div><div class=\"fusion-layout-column fusion_builder_column fusion-builder-column-12 fusion_builder_column_1_2 1_2 fusion-one-half fusion-column-last\" style=\"width:48%;margin-top:0px;margin-bottom:20px;\"><div class=\"fusion-column-wrapper fusion-flex-column-wrapper-legacy\" style=\"background-position:left top;background-repeat:no-repeat;-webkit-background-size:cover;-moz-background-size:cover;-o-background-size:cover;background-size:cover;background-color:#f8f8f8;padding: 0px 0px 0px 0px;\"><div class=\"fusion-text fusion-text-12\"><div style=\"padding: 25px;\">\n<h4 style=\"text-align: left;\"><a href=\"http:\/\/www.lochner-stahlbaumontagen.de\/wp-content\/uploads\/2016\/01\/UB-BG.pdf\" target=\"_blank\">Za\u015bwiadczenie o braku zastrze\u017ce\u0144 BG<\/a><\/h4>\n<\/div>\n<\/div><div class=\"fusion-clearfix\"><\/div><\/div><\/div><div class=\"fusion-layout-column fusion_builder_column fusion-builder-column-13 fusion_builder_column_1_2 1_2 fusion-one-half fusion-column-first\" style=\"width:48%; margin-right: 4%;margin-top:0px;margin-bottom:20px;\"><div class=\"fusion-column-wrapper fusion-flex-column-wrapper-legacy\" style=\"background-position:left top;background-repeat:no-repeat;-webkit-background-size:cover;-moz-background-size:cover;-o-background-size:cover;background-size:cover;background-color:#f8f8f8;padding: 0px 0px 0px 0px;\"><div class=\"fusion-text fusion-text-13\"><div style=\"padding: 25px;\">\n<h4 style=\"text-align: left;\"><a href=\"http:\/\/www.lochner-stahlbaumontagen.de\/wp-content\/uploads\/2016\/01\/Versicherungsbest\u00e4tigung-Haftpflicht.pdf\" target=\"_blank\">Za\u015bwiadczenie o ubezpieczeniu OC<\/a><\/h4>\n<\/div>\n<\/div><div class=\"fusion-clearfix\"><\/div><\/div><\/div><div class=\"fusion-layout-column fusion_builder_column fusion-builder-column-14 fusion_builder_column_1_2 1_2 fusion-one-half fusion-column-last\" style=\"width:48%;margin-top:0px;margin-bottom:20px;\"><div class=\"fusion-column-wrapper fusion-flex-column-wrapper-legacy\" style=\"background-position:left top;background-repeat:no-repeat;-webkit-background-size:cover;-moz-background-size:cover;-o-background-size:cover;background-size:cover;background-color:#f8f8f8;padding: 0px 0px 0px 0px;\"><div class=\"fusion-text fusion-text-14\"><div style=\"padding: 25px;\">\n<h4 style=\"text-align: left;\"><a href=\"http:\/\/www.lochner-stahlbaumontagen.de\/wp-content\/uploads\/2016\/01\/Mitgliedschaft-Fachverband_Innung.pdf\" target=\"_blank\">Cz\u0142onkostwo Towarzystwo Metalurgiczne \/ Cech<\/a><\/h4>\n<\/div>\n<\/div><div class=\"fusion-clearfix\"><\/div><\/div><\/div><div class=\"fusion-layout-column fusion_builder_column fusion-builder-column-15 fusion_builder_column_1_2 1_2 fusion-one-half fusion-column-first\" style=\"width:48%; margin-right: 4%;margin-top:0px;margin-bottom:20px;\"><div class=\"fusion-column-wrapper fusion-flex-column-wrapper-legacy\" style=\"background-position:left top;background-repeat:no-repeat;-webkit-background-size:cover;-moz-background-size:cover;-o-background-size:cover;background-size:cover;background-color:#f8f8f8;padding: 0px 0px 0px 0px;\"><div class=\"fusion-text fusion-text-15\"><div style=\"padding: 25px;\">\n<h4 style=\"text-align: left;\"><a href=\"http:\/\/www.lochner-stahlbaumontagen.de\/wp-content\/uploads\/2016\/01\/Mitgliedschaft-IHK.pdf\" target=\"_blank\">Cz\u0142onkowstwo Izba Przemys\u0142owo-Handlowa<\/a><\/h4>\n<\/div>\n<\/div><div class=\"fusion-clearfix\"><\/div><\/div><\/div><div class=\"fusion-layout-column fusion_builder_column fusion-builder-column-16 fusion_builder_column_1_2 1_2 fusion-one-half fusion-column-last\" style=\"width:48%;margin-top:0px;margin-bottom:20px;\"><div class=\"fusion-column-wrapper fusion-flex-column-wrapper-legacy\" style=\"background-position:left top;background-repeat:no-repeat;-webkit-background-size:cover;-moz-background-size:cover;-o-background-size:cover;background-size:cover;background-color:#f8f8f8;padding: 0px 0px 0px 0px;\"><div class=\"fusion-text fusion-text-16\"><div style=\"padding: 25px;\">\n<h4 style=\"text-align: left;\"><a href=\"http:\/\/www.lochner-stahlbaumontagen.de\/wp-content\/uploads\/2016\/01\/UB-Handwerkskammer.pdf\" target=\"_blank\">Za\u015bwiadczenie o braku zastrze\u017ce\u0144 Izba Rzemie\u015blnicza<\/a><\/h4>\n<\/div>\n<\/div><div class=\"fusion-clearfix\"><\/div><\/div><\/div><div class=\"fusion-layout-column fusion_builder_column fusion-builder-column-17 fusion_builder_column_1_1 1_1 fusion-one-full fusion-column-first fusion-column-last fusion-column-no-min-height\" style=\"margin-top:0px;margin-bottom:0px;\"><div class=\"fusion-column-wrapper fusion-flex-column-wrapper-legacy\" style=\"background-position:left top;background-repeat:no-repeat;-webkit-background-size:cover;-moz-background-size:cover;-o-background-size:cover;background-size:cover;padding: 0px 0px 0px 0px;\"><div class=\"fusion-sep-clear\"><\/div><div class=\"fusion-separator fusion-full-width-sep\" style=\"margin-left: auto;margin-right: auto;margin-top:20px;width:100%;\"><\/div><div class=\"fusion-sep-clear\"><\/div><div class=\"fusion-clearfix\"><\/div><\/div><\/div><\/div><\/div>\n","protected":false},"excerpt":{"rendered":"","protected":false},"author":1,"featured_media":0,"parent":0,"menu_order":0,"comment_status":"closed","ping_status":"open","template":"100-width.php","meta":[],"_links":{"self":[{"href":"https:\/\/www.lochner-stahlbaumontagen.de\/pl\/wp-json\/wp\/v2\/pages\/1903"}],"collection":[{"href":"https:\/\/www.lochner-stahlbaumontagen.de\/pl\/wp-json\/wp\/v2\/pages"}],"about":[{"href":"https:\/\/www.lochner-stahlbaumontagen.de\/pl\/wp-json\/wp\/v2\/types\/page"}],"author":[{"embeddable":true,"href":"https:\/\/www.lochner-stahlbaumontagen.de\/pl\/wp-json\/wp\/v2\/users\/1"}],"replies":[{"embeddable":true,"href":"https:\/\/www.lochner-stahlbaumontagen.de\/pl\/wp-json\/wp\/v2\/comments?post=1903"}],"version-history":[{"count":6,"href":"https:\/\/www.lochner-stahlbaumontagen.de\/pl\/wp-json\/wp\/v2\/pages\/1903\/revisions"}],"predecessor-version":[{"id":4443,"href":"https:\/\/www.lochner-stahlbaumontagen.de\/pl\/wp-json\/wp\/v2\/pages\/1903\/revisions\/4443"}],"wp:attachment":[{"href":"https:\/\/www.lochner-stahlbaumontagen.de\/pl\/wp-json\/wp\/v2\/media?parent=1903"}],"curies":[{"name":"wp","href":"https:\/\/api.w.org\/{rel}","templated":true}]}}